{"id":5187,"date":"2019-11-23T11:33:51","date_gmt":"2019-11-23T10:33:51","guid":{"rendered":"https:\/\/coolfm.hu\/radio\/?page_id=5187"},"modified":"2025-06-15T09:31:28","modified_gmt":"2025-06-15T08:31:28","slug":"cool-fm-online-radio-podcast-mixek","status":"publish","type":"page","link":"https:\/\/coolfm.hu\/radio\/","title":{"rendered":"Home"},"content":{"rendered":"<p>[vc_row][vc_column][vc_column_text]<script async src=\"https:\/\/securepubads.g.doubleclick.net\/tag\/js\/gpt.js\"><span data-mce-type=\"bookmark\" style=\"display: inline-block; width: 0px; overflow: hidden; line-height: 0;\" class=\"mce_SELRES_start\">\ufeff<\/span><\/script><\/p>\n<p>[\/vc_column_text][\/vc_column][\/vc_row][vc_row parallax=&#8221;content-moving&#8221; parallax_image=&#8221;4042&#8243; parallax_speed_bg=&#8221;2&#8243; css=&#8221;.vc_custom_1528962506105{padding-top: 2% !important;padding-bottom: 2% !important;background-color: ##0A2240 !important;}&#8221; el_id=&#8221;donations&#8221;][vc_column][vc_row_inner css=&#8221;.vc_custom_1528962491457{padding-top: 4% !important;padding-right: 4% !important;padding-bottom: 4% !important;padding-left: 4% !important;background-color: ##0A2240 !important;}&#8221;][vc_column_inner width=&#8221;1\/3&#8243; css=&#8221;.vc_custom_1574506358283{padding-left: 10px !important;}&#8221;]\t\t\t<h5 class=\"qt-caption-small qt-capfont \"><span>Hirdet\u00e9s<\/span><\/h5>\n\t\t[vc_column_text]<\/p>\n<div id=\"coolfm.hu_mediumrectangle_1\" style=\"text-align: center;\"><\/div>\n<p>[\/vc_column_text][\/vc_column_inner][vc_column_inner width=&#8221;1\/3&#8243; css=&#8221;.vc_custom_1529039105148{padding-left: 10px !important;}&#8221;]\t\t\t<h5 class=\"qt-caption-small qt-capfont \"><span>Hirdet\u00e9s<\/span><\/h5>\n\t\t[vc_column_text]<\/p>\n<div id=\"coolfm.hu_halfpage\" style=\"text-align: center;\"><\/div>\n<p>[\/vc_column_text][\/vc_column_inner][vc_column_inner width=&#8221;1\/3&#8243; css=&#8221;.vc_custom_1529039112590{padding-left: 10px !important;}&#8221;]\t\t\t<h5 class=\"qt-caption-small qt-capfont \"><span>Hirdet\u00e9s<\/span><\/h5>\n\t\t[vc_column_text]<\/p>\n<div id=\"coolfm.hu_mediumrectangle\" style=\"text-align: center;\"><\/div>\n<p>[\/vc_column_text][\/vc_column_inner][\/vc_row_inner][\/vc_column][\/vc_row][vc_row full_width=&#8221;stretch_row&#8221; gap=&#8221;35&#8243; content_placement=&#8221;middle&#8221; css=&#8221;.vc_custom_1575309487884{margin-top: -30px !important;padding-top: 160px !important;padding-bottom: 160px !important;background-image: url(https:\/\/coolfm.hu\/radio\/wp-content\/uploads\/2025\/02\/weblap_fooldal_.jpg) !important;}&#8221;][vc_column width=&#8221;1\/6&#8243;][\/vc_column][vc_column width=&#8221;2\/3&#8243;]\t\t\t<hr class=\"qt-spacer-l\">\n\t\t\t\t\t<hr class=\"qt-spacer-l\">\n\t\t[\/vc_column][vc_column width=&#8221;1\/6&#8243;][\/vc_column][\/vc_row][vc_row css=&#8221;.vc_custom_1642783156392{background-color: ##0A2240 !important;}&#8221;][vc_column width=&#8221;1\/6&#8243;]\t\t\t<hr class=\"qt-spacer-s\">\n\t\t[\/vc_column][vc_column width=&#8221;4\/6&#8243;][vc_column_text]<strong><span style=\"color: #999999;\">A LEGJOBB ONLINE R\u00c1DI\u00d3K: COOLFM.hu<\/span><\/strong><\/p>\n<p>&nbsp;<\/p>\n<p><span style=\"color: #999999;\">Mindenki szereti a zen\u00e9t, de nem mindenki ugyanazt a zen\u00e9t szereti. A COOL FM egycsatorn\u00e1s r\u00e1di\u00f3k\u00e9nt indult \u00e9s \u00e9vekig sug\u00e1rzott Budapesten az FM 107,3-on. Ezt k\u00f6vet\u0151en ny\u00edlt meg a lehet\u0151s\u00e9g, hogy az interneten kereszt\u00fcl m\u00e9g t\u00f6bb zenei m\u0171fajt tudunk elhozni hozz\u00e1tok, r\u00e1ad\u00e1sul a COOL FM \u00e9rz\u00e9sr\u0151l sem kell lemondani, ha m\u0171fajt v\u00e1ltasz. Legyen sz\u00f3 popr\u00f3l, rockr\u00f3l, rapr\u0151l, funky-r\u00f3l vagy a \u201eszok\u00e1sost\u00f3l\u201d elt\u00e9r\u0151 zenei m\u0171fajokr\u00f3l, t\u00f6reksz\u00fcnk r\u00e1, hogy v\u00e1ltozatos tartalmat k\u00edn\u00e1ljunk.<\/span><\/p>\n<p>&nbsp;<\/p>\n<p><span style=\"color: #999999;\">Az els\u0151 sz\u00e1m\u00fa COOL FM csatorna tov\u00e1bbra is napjaink kedvenceit \u00e9s az \u00fajdons\u00e1gokat var\u00e1zsolja a f\u00fclekbe. A t\u00f6bbi tematikus csatorna elnevez\u00e9se azonosul az \u00e1ltala j\u00e1tszott m\u0171fajjal. Az FM-es id\u0151kben a COOL FM-en t\u00f6bb m\u0171sor is volt, amelyek zenei vil\u00e1ga a tematikus csatorn\u00e1kon k\u00f6sz\u00f6n vissza. K\u00fcl\u00f6n zenei m\u0171sorokkal az Xbeat-en \u00e9s a Goldies-on tal\u00e1lkozhattok. Az Xbeat minden este 8-t\u00f3l \u00e9jf\u00e9lig elismert dj-\u00e9k mixeit hozza: Robin Schulz, Cuebrick, Moguai, liquidfive. A Goldies-on pedig vas\u00e1rnapt\u00f3l cs\u00fct\u00f6rt\u00f6kig kellemes, nyugodt temp\u00f3j\u00fa sl\u00e1gerek sz\u00f3lnak a 80-as, 90-es \u00e9s a 2000-es \u00e9vekb\u0151l \u00e9s n\u00e9ha a kor\u00e1bbi legend\u00e1s id\u0151kb\u0151l is. P\u00e9nteken \u00e9s szombaton pedig ugyanekkor (este 8-t\u00f3l \u00e9jf\u00e9lig) a 90-es \u00e9s 2000-es \u00e9vek legjobb klubzenei klasszikusaival tal\u00e1lkozhattok.<\/span><\/p>\n<p>&nbsp;<\/p>\n<p><strong><em><span style=\"color: #999999;\">N\u00e9ha m\u00e9g k\u00e9rd\u00e9s, hogy online r\u00e1di\u00f3 vagy hagyom\u00e1nyos r\u00e1di\u00f3<\/span><\/em><\/strong><\/p>\n<p>&nbsp;<\/p>\n<p><span style=\"color: #999999;\">Ma m\u00e1r mindegy is, mert kutat\u00e1sok bizony\u00edtj\u00e1k, hogy egyre t\u00f6bben v\u00e1lasztj\u00e1k az interneten t\u00f6rt\u00e9n\u0151 r\u00e1di\u00f3hallgat\u00e1st (legyen sz\u00f3 f\u00f6ldi, vagy csak interneten sug\u00e1rz\u00f3 r\u00e1di\u00f3r\u00f3l). A COOL FM online r\u00e1di\u00f3i az interneten el\u00e9rhet\u0151 legjobb zenei \u00e9lm\u00e9nyt ny\u00fajtj\u00e1k nektek b\u00e1rhonnan \u00e9s b\u00e1rmikor. Az aut\u00f3ban is, amely az egyik legfontosabb helysz\u00edn a r\u00e1di\u00f3hallgat\u00e1s szempontj\u00e1b\u00f3l. Viszont m\u00edg hagyom\u00e1nyos r\u00e1di\u00f3k hallgat\u00e1sa eset\u00e9n (FM r\u00e1di\u00f3k) ki vagyunk t\u00e9ve az id\u0151j\u00e1r\u00e1s \u00e9s a domborzati viszonyoknak, hosszabb \u00fat eset\u00e9n pedig a t\u00e1vols\u00e1ggal gyeng\u00fcl\u0151 v\u00e9telk\u00f6rzeteknek, addig az interneten kereszt\u00fcl minket stabilan el\u00e9rtek. <\/span><br \/>\n<span style=\"color: #999999;\">N\u00e1lunk egyetlen kattint\u00e1ssal t\u00f6bb zenei st\u00edlust is el\u00e9rhettek utaz\u00e1s k\u00f6zben. A r\u00e1di\u00f3ink asztali sz\u00e1m\u00edt\u00f3g\u00e9pr\u0151l, tabletr\u0151l, laptopr\u00f3l, mobilr\u00f3l is egyar\u00e1nt el\u00e9rhet\u0151k a webb\u00f6ng\u00e9sz\u0151n kereszt\u00fcl \u2013 csak \u00edrj\u00e1tok be: <strong><a style=\"color: #999999;\" href=\"https:\/\/coolfm.hu\/radio\">COOLFM.hu<\/a><\/strong>! Kocsiban \u00fclve (bluetooth-on kereszt\u00fcl), munk\u00e1ba menet, de m\u00e9g h\u00e9tv\u00e9g\u00e9n is folyamatosan friss\u00fcl\u0151 tartalommal v\u00e1runk. A legjobb \u00e9lm\u00e9ny\u00e9rt pedig haszn\u00e1ljatok okoshangsz\u00f3r\u00f3t!<\/span><\/p>\n<p>&nbsp;<\/p>\n<p><span style=\"color: #999999;\">Egy\u00fcttm\u0171k\u00f6d\u00fcnk t\u00f6bb r\u00e1di\u00f3kat megoszt\u00f3 oldallal, de a legmegb\u00edzhat\u00f3bban a <strong><a style=\"color: #999999;\" href=\"https:\/\/coolfm.hu\/radio\/digitalis-radiok\/\">COOLFM.hu<\/a><\/strong> weboldalon kereszt\u00fcl hallgathattok minket. Valamint \u00faj csatorn\u00e1inkat is itt \u00e9rhetitek el leghamarabb, amelyekr\u0151l a legnagyobb hazai site-ok is be-besz\u00e1molnak (<strong><a style=\"color: #999999;\" href=\"https:\/\/media1.hu\/?s=COOLFM\">media1.hu<\/a>, <a style=\"color: #999999;\" href=\"https:\/\/port.hu\/cikk\/zene\/elindult-a-filmzenek-radios-csatornaja\/article-81108\">port.hu<\/a>, <a style=\"color: #999999;\" href=\"https:\/\/24.hu\/kultura\/2023\/01\/14\/country-zene-radio-cool-fm\/\">24.hu<\/a><\/strong>). Hallgass\u00e1tok \u00e9s aj\u00e1nlj\u00e1tok a COOL FM online r\u00e1di\u00f3it \u00e9s mer\u00fcljetek el a zene vil\u00e1g\u00e1ban! Ne feledj\u00e9tek: a legjobb online r\u00e1di\u00f3k &#8211; COOLFM.hu!<\/span><\/p>\n<p>&nbsp;<\/p>\n<p><span style=\"color: #999999;\">K\u00d6SZ\u00d6NJ\u00dcK, HOGY VEL\u00dcNK TARTOTOK!<\/span>[\/vc_column_text][\/vc_column][vc_column width=&#8221;1\/6&#8243;][\/vc_column][\/vc_row]<\/p>\n","protected":false},"excerpt":{"rendered":"<p>[vc_row][vc_column][vc_column_text] [\/vc_column_text][\/vc_column][\/vc_row][vc_row parallax=&#8221;content-moving&#8221; parallax_image=&#8221;4042&#8243; parallax_speed_bg=&#8221;2&#8243; css=&#8221;.vc_custom_1528962506105{padding-top: 2% !important;padding-bottom: 2% !important;background-color: ##0A2240 !important;}&#8221; el_id=&#8221;donations&#8221;][vc_column][vc_row_inner css=&#8221;.vc_custom_1528962491457{padding-top: 4% !important;padding-right: 4% !important;padding-bottom: 4% !important;padding-left: 4% !important;background-color: ##0A2240 !important;}&#8221;][vc_column_inner width=&#8221;1\/3&#8243; css=&#8221;.vc_custom_1574506358283{padding-left: 10px !important;}&#8221;][vc_column_text] [\/vc_column_text][\/vc_column_inner][vc_column_inner width=&#8221;1\/3&#8243; css=&#8221;.vc_custom_1529039105148{padding-left: 10px !important;}&#8221;][vc_column_text] [\/vc_column_text][\/vc_column_inner][vc_column_inner width=&#8221;1\/3&#8243; css=&#8221;.vc_custom_1529039112590{padding-left: 10px !important;}&#8221;][vc_column_text] [\/vc_column_text][\/vc_column_inner][\/vc_row_inner][\/vc_column][\/vc_row][vc_row full_width=&#8221;stretch_row&#8221; gap=&#8221;35&#8243; content_placement=&#8221;middle&#8221; css=&#8221;.vc_custom_1575309487884{margin-top: -30px !important;padding-top: 160px !important;padding-bottom: 160px !important;background-image: url(https:\/\/coolfm.hu\/radio\/wp-content\/uploads\/2025\/02\/weblap_fooldal_.jpg) !important;}&#8221;][vc_column width=&#8221;1\/6&#8243;][\/vc_column][vc_column width=&#8221;2\/3&#8243;][\/vc_column][vc_column width=&#8221;1\/6&#8243;][\/vc_column][\/vc_row][vc_row css=&#8221;.vc_custom_1642783156392{background-color: [&hellip;]<\/p>\n","protected":false},"author":1,"featured_media":8874,"parent":0,"menu_order":0,"comment_status":"closed","ping_status":"closed","template":"page-fullwidth.php","meta":[],"_links":{"self":[{"href":"https:\/\/coolfm.hu\/radio\/wp-json\/wp\/v2\/pages\/5187"}],"collection":[{"href":"https:\/\/coolfm.hu\/radio\/wp-json\/wp\/v2\/pages"}],"about":[{"href":"https:\/\/coolfm.hu\/radio\/wp-json\/wp\/v2\/types\/page"}],"author":[{"embeddable":true,"href":"https:\/\/coolfm.hu\/radio\/wp-json\/wp\/v2\/users\/1"}],"replies":[{"embeddable":true,"href":"https:\/\/coolfm.hu\/radio\/wp-json\/wp\/v2\/comments?post=5187"}],"version-history":[{"count":103,"href":"https:\/\/coolfm.hu\/radio\/wp-json\/wp\/v2\/pages\/5187\/revisions"}],"predecessor-version":[{"id":10406,"href":"https:\/\/coolfm.hu\/radio\/wp-json\/wp\/v2\/pages\/5187\/revisions\/10406"}],"wp:featuredmedia":[{"embeddable":true,"href":"https:\/\/coolfm.hu\/radio\/wp-json\/wp\/v2\/media\/8874"}],"wp:attachment":[{"href":"https:\/\/coolfm.hu\/radio\/wp-json\/wp\/v2\/media?parent=5187"}],"curies":[{"name":"wp","href":"https:\/\/api.w.org\/{rel}","templated":true}]}}