{"id":5182,"date":"2019-11-23T08:30:43","date_gmt":"2019-11-23T07:30:43","guid":{"rendered":"https:\/\/coolfm.hu\/radio\/?page_id=5182"},"modified":"2023-12-26T17:26:40","modified_gmt":"2023-12-26T16:26:40","slug":"elhangzott-dalok","status":"publish","type":"page","link":"https:\/\/coolfm.hu\/radio\/elhangzott-dalok\/","title":{"rendered":"Elhangzott dalok"},"content":{"rendered":"<p>[vc_row parallax=&#8221;content-moving&#8221; parallax_image=&#8221;4042&#8243; parallax_speed_bg=&#8221;2&#8243; css=&#8221;.vc_custom_1528962506105{padding-top: 2% !important;padding-bottom: 2% !important;background-color: #000000 !important;}&#8221; el_id=&#8221;donations&#8221;][vc_column][vc_row_inner css=&#8221;.vc_custom_1528962491457{padding-top: 4% !important;padding-right: 4% !important;padding-bottom: 4% !important;padding-left: 4% !important;background-color: #000000 !important;}&#8221;][vc_column_inner width=&#8221;1\/3&#8243; css=&#8221;.vc_custom_1529603324450{padding-left: 10px !important;background-color: #000000 !important;}&#8221;][vc_text_separator title=&#8221;Nemr\u00e9g ezeket hallottad &#8211; N\u00e9zd meg a vide\u00f3t is!&#8221; i_icon_fontawesome=&#8221;fa fa-volume-up&#8221; i_color=&#8221;white&#8221; color=&#8221;white&#8221; add_icon=&#8221;true&#8221; css=&#8221;.vc_custom_1529603431327{background-color: #000000 !important;}&#8221; el_class=&#8221;last_songs_yt_cim&#8221;][vc_column_text el_class=&#8221;last_songs_yt&#8221; css=&#8221;.vc_custom_1703607994036{background-color: #000000 !important;}&#8221;]<span style=\"color: white;\"><\/span>[\/vc_column_text][\/vc_column_inner][vc_column_inner width=&#8221;1\/3&#8243; css=&#8221;.vc_custom_1529039105148{padding-left: 10px !important;}&#8221;]\t\t\t<h5 class=\"qt-caption-small qt-capfont \"><span>Hirdet\u00e9s<\/span><\/h5>\n\t\t[vc_column_text]<\/p>\n<div id=\"coolfm.hu_mediumrectangle_1\" style=\"text-align: center;\"><\/div>\n<p>[\/vc_column_text]\t\t\t<hr class=\"qt-spacer-s\">\n\t\t[vc_column_text]<\/p>\n<div id=\"coolfm.hu_mediumrectangle\" style=\"text-align: center;\"><\/div>\n<p>[\/vc_column_text][\/vc_column_inner][vc_column_inner width=&#8221;1\/3&#8243; css=&#8221;.vc_custom_1529039112590{padding-left: 10px !important;}&#8221;]\t\t\t<h5 class=\"qt-caption-small qt-capfont \"><span>Hirdet\u00e9s<\/span><\/h5>\n\t\t[vc_column_text]<\/p>\n<div id=\"coolfm.hu_halfpage\" style=\"text-align: center;\"><\/div>\n<p>[\/vc_column_text][\/vc_column_inner][\/vc_row_inner][\/vc_column][\/vc_row]<\/p>\n","protected":false},"excerpt":{"rendered":"<p>[vc_row parallax=&#8221;content-moving&#8221; parallax_image=&#8221;4042&#8243; parallax_speed_bg=&#8221;2&#8243; css=&#8221;.vc_custom_1528962506105{padding-top: 2% !important;padding-bottom: 2% !important;background-color: #000000 !important;}&#8221; el_id=&#8221;donations&#8221;][vc_column][vc_row_inner css=&#8221;.vc_custom_1528962491457{padding-top: 4% !important;padding-right: 4% !important;padding-bottom: 4% !important;padding-left: 4% !important;background-color: #000000 !important;}&#8221;][vc_column_inner width=&#8221;1\/3&#8243; css=&#8221;.vc_custom_1529603324450{padding-left: 10px !important;background-color: #000000 !important;}&#8221;][vc_text_separator title=&#8221;Nemr\u00e9g ezeket hallottad &#8211; N\u00e9zd meg a vide\u00f3t is!&#8221; i_icon_fontawesome=&#8221;fa fa-volume-up&#8221; i_color=&#8221;white&#8221; color=&#8221;white&#8221; add_icon=&#8221;true&#8221; css=&#8221;.vc_custom_1529603431327{background-color: #000000 !important;}&#8221; el_class=&#8221;last_songs_yt_cim&#8221;][vc_column_text el_class=&#8221;last_songs_yt&#8221; css=&#8221;.vc_custom_1703607994036{background-color: #000000 !important;}&#8221;][\/vc_column_text][\/vc_column_inner][vc_column_inner width=&#8221;1\/3&#8243; css=&#8221;.vc_custom_1529039105148{padding-left: 10px !important;}&#8221;][vc_column_text] [&hellip;]<\/p>\n","protected":false},"author":1,"featured_media":0,"parent":0,"menu_order":0,"comment_status":"closed","ping_status":"closed","template":"page-fullwidth.php","meta":[],"_links":{"self":[{"href":"https:\/\/coolfm.hu\/radio\/wp-json\/wp\/v2\/pages\/5182"}],"collection":[{"href":"https:\/\/coolfm.hu\/radio\/wp-json\/wp\/v2\/pages"}],"about":[{"href":"https:\/\/coolfm.hu\/radio\/wp-json\/wp\/v2\/types\/page"}],"author":[{"embeddable":true,"href":"https:\/\/coolfm.hu\/radio\/wp-json\/wp\/v2\/users\/1"}],"replies":[{"embeddable":true,"href":"https:\/\/coolfm.hu\/radio\/wp-json\/wp\/v2\/comments?post=5182"}],"version-history":[{"count":21,"href":"https:\/\/coolfm.hu\/radio\/wp-json\/wp\/v2\/pages\/5182\/revisions"}],"predecessor-version":[{"id":7275,"href":"https:\/\/coolfm.hu\/radio\/wp-json\/wp\/v2\/pages\/5182\/revisions\/7275"}],"wp:attachment":[{"href":"https:\/\/coolfm.hu\/radio\/wp-json\/wp\/v2\/media?parent=5182"}],"curies":[{"name":"wp","href":"https:\/\/api.w.org\/{rel}","templated":true}]}}