{"id":2494,"date":"2015-05-02T17:30:42","date_gmt":"2015-05-02T17:30:42","guid":{"rendered":"http:\/\/qantumthemes.com\/demo\/onair\/?page_id=2494"},"modified":"2018-06-24T15:53:08","modified_gmt":"2018-06-24T13:53:08","slug":"contacts","status":"publish","type":"page","link":"https:\/\/coolfm.hu\/radio\/contacts\/","title":{"rendered":"Kapcsolat"},"content":{"rendered":"<p>[vc_row qt_negative=&#8221;true&#8221; qt_container=&#8221;true&#8221; css=&#8221;.vc_custom_1484577614618{background-color: #3a3a3a !important;}&#8221;][vc_column][vc_row_inner el_class=&#8221;row&#8221;][vc_column_inner][vc_column_text css=&#8221;.vc_custom_1527748770495{padding-top: 50px !important;padding-bottom: 50px !important;}&#8221; el_class=&#8221;col s12 m8 push-m2&#8243;]<\/p>\n<h3><span style=\"color: #ffffff;\">K\u00fcldj nek\u00fcnk egy \u00fczenetet, \u00e9s miel\u0151bb v\u00e1laszolunk r\u00e1!<\/span><\/h3>\n<p>[\/vc_column_text][\/vc_column_inner][\/vc_row_inner][\/vc_column][\/vc_row]<\/p>\n","protected":false},"excerpt":{"rendered":"<p>[vc_row qt_negative=&#8221;true&#8221; qt_container=&#8221;true&#8221; css=&#8221;.vc_custom_1484577614618{background-color: #3a3a3a !important;}&#8221;][vc_column][vc_row_inner el_class=&#8221;row&#8221;][vc_column_inner][vc_column_text css=&#8221;.vc_custom_1527748770495{padding-top: 50px !important;padding-bottom: 50px !important;}&#8221; el_class=&#8221;col s12 m8 push-m2&#8243;] K\u00fcldj nek\u00fcnk egy \u00fczenetet, \u00e9s miel\u0151bb v\u00e1laszolunk r\u00e1! [\/vc_column_text][\/vc_column_inner][\/vc_row_inner][\/vc_column][\/vc_row]<\/p>\n","protected":false},"author":1,"featured_media":4229,"parent":0,"menu_order":0,"comment_status":"closed","ping_status":"closed","template":"page-contacts.php","meta":[],"_links":{"self":[{"href":"https:\/\/coolfm.hu\/radio\/wp-json\/wp\/v2\/pages\/2494"}],"collection":[{"href":"https:\/\/coolfm.hu\/radio\/wp-json\/wp\/v2\/pages"}],"about":[{"href":"https:\/\/coolfm.hu\/radio\/wp-json\/wp\/v2\/types\/page"}],"author":[{"embeddable":true,"href":"https:\/\/coolfm.hu\/radio\/wp-json\/wp\/v2\/users\/1"}],"replies":[{"embeddable":true,"href":"https:\/\/coolfm.hu\/radio\/wp-json\/wp\/v2\/comments?post=2494"}],"version-history":[{"count":4,"href":"https:\/\/coolfm.hu\/radio\/wp-json\/wp\/v2\/pages\/2494\/revisions"}],"predecessor-version":[{"id":4251,"href":"https:\/\/coolfm.hu\/radio\/wp-json\/wp\/v2\/pages\/2494\/revisions\/4251"}],"wp:featuredmedia":[{"embeddable":true,"href":"https:\/\/coolfm.hu\/radio\/wp-json\/wp\/v2\/media\/4229"}],"wp:attachment":[{"href":"https:\/\/coolfm.hu\/radio\/wp-json\/wp\/v2\/media?parent=2494"}],"curies":[{"name":"wp","href":"https:\/\/api.w.org\/{rel}","templated":true}]}}